{"id":6420,"date":"2025-09-18T12:33:21","date_gmt":"2025-09-18T10:33:21","guid":{"rendered":"https:\/\/www.sonnenschutz-lang.com\/shop\/?post_type=product&#038;p=6420"},"modified":"2025-09-22T10:35:38","modified_gmt":"2025-09-22T08:35:38","slug":"varisol-g100-komfort-gelenkarmmarkise","status":"publish","type":"product","link":"\/shop\/produkt\/varisol-g100-komfort-gelenkarmmarkise\/","title":{"rendered":"Varisol G100 &#8211; Komfort Gelenkarmmarkise"},"content":{"rendered":"<p class=\"h4 margin-bottom\"><strong>Gut gesch\u00fctzt<\/strong><\/p>\n<p>Das optionale Regenschutzdach sorgt f\u00fcr zus\u00e4tzlichen Schmutz- und Witterungsschutz des Markisentuches und wird mit Seitenkappen aus schlagfestem Kunststoff geliefert \u2013 f\u00fcr jahrelang strahlende Farben.<\/p>\n<p class=\"h4 margin-bottom\"><strong>G100 X-tra \u2013 tiefer als breit<\/strong><\/p>\n<p>Die <strong>Sonderausf\u00fchrung X-tra <\/strong>erreicht mit zwei untereinander gekreuzten Gelenkarmen eine gr\u00f6\u00dfere Ausfalltiefe als Markisenbreite. Die spezielle Anordnung der Gelenkarme schafft maximale Stabilit\u00e4t.<\/p>\n<p class=\"h4\"><strong>G100 Merkmale<\/strong><\/p>\n<ul class=\"styled-list margin-bottom\">\n<li>Tuchfl\u00e4che einzeln bis 28 m\u00b2<\/li>\n<li>Abnehmbarer Volant in vier unterschiedlichen Formen<\/li>\n<li>Starkes Tragrohr<\/li>\n<li>Stabile Gelenkarme mit Gelenkteilen aus gesenkgeschmiedetem Aluminium<\/li>\n<\/ul>\n<p class=\"h4\"><strong>G100 Optionen<\/strong><\/p>\n<ul class=\"styled-list margin-bottom\">\n<li>Sonderausf\u00fchrung G100 X-tra f\u00fcr mehr Ausfalltiefe<\/li>\n<li>Vario-Volant mit Kurbelbedienung<\/li>\n<li>Regenschutzdach<\/li>\n<li>Neigungsverstellungsgetriebe<\/li>\n<li>Markisengestell in Wunschfarbe<\/li>\n<li>Funkmotor-Bedienung per Handsender<\/li>\n<\/ul>\n","protected":false},"excerpt":{"rendered":"<h3>Raum f\u00fcr das Wesentliche \u2013 <span>Komfort f\u00fcr Lebensfreude<\/span><\/h3>\n<p>Die <strong>Komfort-Gelenkarmmarkise G100<\/strong> schenkt Ihnen hochwertigen Sonnenschutz zu einem angemessenen Preis. Bei Bedarf zeigt unser solides Einsteigermodell wahre Gr\u00f6\u00dfe: Eine einzelne Markise kann eine Fl\u00e4che von stattlichen 28 Quadratmetern \u00fcberschatten. Ihre stabile Technik und hochwertige Bespannung sorgen f\u00fcr langanhaltende Freude \u00fcber einen Sonnenschutz nach Ma\u00df.<\/p>\n","protected":false},"featured_media":6424,"comment_status":"closed","ping_status":"closed","template":"","meta":{"_acf_changed":false},"product_brand":[],"product_cat":[306,297],"product_tag":[],"class_list":{"0":"post-6420","1":"product","2":"type-product","3":"status-publish","4":"has-post-thumbnail","6":"product_cat-gelenkarmmarkisen","7":"product_cat-markisen","9":"first","10":"instock","11":"shipping-taxable","12":"purchasable","13":"product-type-simple"},"acf":[],"_links":{"self":[{"href":"\/shop\/wp-json\/wp\/v2\/product\/6420","targetHints":{"allow":["GET"]}}],"collection":[{"href":"\/shop\/wp-json\/wp\/v2\/product"}],"about":[{"href":"\/shop\/wp-json\/wp\/v2\/types\/product"}],"replies":[{"embeddable":true,"href":"\/shop\/wp-json\/wp\/v2\/comments?post=6420"}],"wp:featuredmedia":[{"embeddable":true,"href":"\/shop\/wp-json\/wp\/v2\/media\/6424"}],"wp:attachment":[{"href":"\/shop\/wp-json\/wp\/v2\/media?parent=6420"}],"wp:term":[{"taxonomy":"product_brand","embeddable":true,"href":"\/shop\/wp-json\/wp\/v2\/product_brand?post=6420"},{"taxonomy":"product_cat","embeddable":true,"href":"\/shop\/wp-json\/wp\/v2\/product_cat?post=6420"},{"taxonomy":"product_tag","embeddable":true,"href":"\/shop\/wp-json\/wp\/v2\/product_tag?post=6420"}],"curies":[{"name":"wp","href":"https:\/\/api.w.org\/{rel}","templated":true}]}}