{"id":6423,"date":"2025-09-18T12:49:30","date_gmt":"2025-09-18T10:49:30","guid":{"rendered":"https:\/\/www.sonnenschutz-lang.com\/shop\/?post_type=product&#038;p=6423"},"modified":"2025-09-22T10:34:59","modified_gmt":"2025-09-22T08:34:59","slug":"varisol-g250-halbkassettenmarkise","status":"publish","type":"product","link":"\/shop\/produkt\/varisol-g250-halbkassettenmarkise\/","title":{"rendered":"Varisol G250 \u2013 Halbkassettenmarkise"},"content":{"rendered":"<p class=\"h4 margin-bottom\"><strong>Schutz und St\u00fctze<\/strong><\/p>\n<p>Die optionale Tuchleitschale verdeckt die Tuchwelle mit dem Markisentuch auch bei ausgefahrener Markise und sorgt als St\u00fctze f\u00fcr eine bessere Tuchspannung. Die Schale wird in der Gestellfarbe geliefert<\/p>\n<p class=\"h4 margin-bottom\"><strong>Neigung? Einstellungssache.<\/strong><\/p>\n<p><strong>Mit dem Kippgelenkarmlager<\/strong> aus pulverbeschichtetem Aluminium mit patentierter selbstverriegelnder Hochschlagsicherung kann die Markisenneigung an den Armlagern stufenlos von 0 bis 40 Grad eingestellt werden.<\/p>\n<p class=\"h4\"><strong>G250 Merkmale<\/strong><\/p>\n<ul class=\"styled-list margin-bottom\">\n<li>Robuster Allrounder<\/li>\n<li>Tuchfl\u00e4che einzeln bis 28 m\u00b2<\/li>\n<li>Stabiles Tragrohr<\/li>\n<li>Kippgelenkarmlager<\/li>\n<li>Zuverl\u00e4ssiger Witterungsschutz durch h\u00fclsenf\u00f6rmiges Geh\u00e4use<\/li>\n<li>Abnehmbarer Volant in vier unterschiedlichen Formen<\/li>\n<\/ul>\n<p class=\"h4\"><strong>G250 Optionen<\/strong><\/p>\n<ul class=\"styled-list margin-bottom\">\n<li>Vario-Volant mit Kurbelbedienung<\/li>\n<li>Funkmotor-Bedienung per Handsender<\/li>\n<li>Tuchleitschale<\/li>\n<li>Markisengestell in Wunschfarbe<\/li>\n<\/ul>\n","protected":false},"excerpt":{"rendered":"<h3>Gut gesch\u00fctzt und stabil \u2013 <span>der clevere Mittelweg<\/span><\/h3>\n<p><strong>Die Halbkassettenmarkise G250<\/strong> ist auf besonders lange Lebensdauer konzipiert. Solide Technik geht mit ausdrucksstarkem Design Hand in Hand und garantiert langj\u00e4hrige Freude an Ihrer Markise: Der robuste Allrounder ist mit einem starken Tragrohr f\u00fcr extra soliden Halt ausgestattet, und das h\u00fclsenf\u00f6rmige Geh\u00e4use sorgt f\u00fcr zuverl\u00e4ssigen Witterungsschutz. So leuchten die Tuchfarben nach vielen Jahren noch strahlend.<\/p>\n","protected":false},"featured_media":6437,"comment_status":"closed","ping_status":"closed","template":"","meta":{"_acf_changed":false},"product_brand":[],"product_cat":[306,297],"product_tag":[],"class_list":{"0":"post-6423","1":"product","2":"type-product","3":"status-publish","4":"has-post-thumbnail","6":"product_cat-gelenkarmmarkisen","7":"product_cat-markisen","9":"first","10":"instock","11":"shipping-taxable","12":"purchasable","13":"product-type-simple"},"acf":[],"_links":{"self":[{"href":"\/shop\/wp-json\/wp\/v2\/product\/6423","targetHints":{"allow":["GET"]}}],"collection":[{"href":"\/shop\/wp-json\/wp\/v2\/product"}],"about":[{"href":"\/shop\/wp-json\/wp\/v2\/types\/product"}],"replies":[{"embeddable":true,"href":"\/shop\/wp-json\/wp\/v2\/comments?post=6423"}],"wp:featuredmedia":[{"embeddable":true,"href":"\/shop\/wp-json\/wp\/v2\/media\/6437"}],"wp:attachment":[{"href":"\/shop\/wp-json\/wp\/v2\/media?parent=6423"}],"wp:term":[{"taxonomy":"product_brand","embeddable":true,"href":"\/shop\/wp-json\/wp\/v2\/product_brand?post=6423"},{"taxonomy":"product_cat","embeddable":true,"href":"\/shop\/wp-json\/wp\/v2\/product_cat?post=6423"},{"taxonomy":"product_tag","embeddable":true,"href":"\/shop\/wp-json\/wp\/v2\/product_tag?post=6423"}],"curies":[{"name":"wp","href":"https:\/\/api.w.org\/{rel}","templated":true}]}}