{"id":6429,"date":"2025-09-18T13:01:03","date_gmt":"2025-09-18T11:01:03","guid":{"rendered":"https:\/\/www.sonnenschutz-lang.com\/shop\/?post_type=product&#038;p=6429"},"modified":"2025-09-22T14:33:31","modified_gmt":"2025-09-22T12:33:31","slug":"varisol-k100-mini-kastenmarkise","status":"publish","type":"product","link":"\/shop\/produkt\/varisol-k100-mini-kastenmarkise\/","title":{"rendered":"Varisol K100 Mini-Kastenmarkise"},"content":{"rendered":"<p class=\"h4 margin-bottom-none\"><strong>Zierlich, aber robust<\/strong><\/p>\n<p class=\"margin-bottom\">Der <strong>schlanke Markisenkasten<\/strong> bietet Tuch und Mechanik sicheren Rundumschutz vor Witterung und Verschmutzung. Die abgerundete Fallstange mit integrierter Regenrinne schlie\u00dft den Kasten nach vorne elegant ab.<\/p>\n<p class=\"h4 margin-bottom-none\"><strong>Armlager<\/strong><\/p>\n<p class=\"margin-bottom\"><strong>An den feststehenden Armlagern<\/strong> in Kombination mit den Seitenlagern kann die Markisenneigung stufenlos von 0 bis 45 Grad eingestellt werden.<\/p>\n<p class=\"h4\"><strong>K100 Merkmale<\/strong><\/p>\n<ul class=\"styled-list margin-bottom\">\n<li>Elegante Optik<\/li>\n<li>Tuchfl\u00e4che einzeln bis 15 m\u00b2<\/li>\n<li>Schlanker Markisenkasten<\/li>\n<li>Abgerundete Fallstange<\/li>\n<li>Stabile Fallstange mit integrierter Regenrinne<\/li>\n<\/ul>\n<p class=\"h4\"><strong>K100 Optionen<\/strong><\/p>\n<ul class=\"styled-list margin-bottom\">\n<li>Funkmotor-Bedienung per Handsender<\/li>\n<li>Volant in vier unterschiedlichen Formen<\/li>\n<li>Manuelle Bedienung durch Kurbelantrieb<\/li>\n<\/ul>\n","protected":false},"excerpt":{"rendered":"<h3>Gr\u00f6\u00dfe kennt kein Format \u2013 kompakter Schatten mit Charme<\/h3>\n<p>Die <strong>Mini-Kastenmarkise K100<\/strong> bietet besten Sonnenschutz mit Format. Mit ihrem maximalen Ausfall von drei Metern und einer Breite von bis zu f\u00fcnf Metern beschattet sie Balkone und kleine Terrassen wie eine Gro\u00dfe. Der widerstandsf\u00e4hige Markisenkasten sch\u00fctzt Tuch und Mechanik dauerhaft vor Schmutz und Witterungseinfl\u00fcssen. Die abgerundete Fallstange verleiht der Vollkassette ihre elegante Optik.<\/p>\n","protected":false},"featured_media":6621,"comment_status":"closed","ping_status":"closed","template":"","meta":{"_acf_changed":false},"product_brand":[],"product_cat":[307,297],"product_tag":[],"class_list":{"0":"post-6429","1":"product","2":"type-product","3":"status-publish","4":"has-post-thumbnail","6":"product_cat-kassettenmarkisen","7":"product_cat-markisen","9":"first","10":"instock","11":"shipping-taxable","12":"purchasable","13":"product-type-simple"},"acf":[],"_links":{"self":[{"href":"\/shop\/wp-json\/wp\/v2\/product\/6429","targetHints":{"allow":["GET"]}}],"collection":[{"href":"\/shop\/wp-json\/wp\/v2\/product"}],"about":[{"href":"\/shop\/wp-json\/wp\/v2\/types\/product"}],"replies":[{"embeddable":true,"href":"\/shop\/wp-json\/wp\/v2\/comments?post=6429"}],"wp:featuredmedia":[{"embeddable":true,"href":"\/shop\/wp-json\/wp\/v2\/media\/6621"}],"wp:attachment":[{"href":"\/shop\/wp-json\/wp\/v2\/media?parent=6429"}],"wp:term":[{"taxonomy":"product_brand","embeddable":true,"href":"\/shop\/wp-json\/wp\/v2\/product_brand?post=6429"},{"taxonomy":"product_cat","embeddable":true,"href":"\/shop\/wp-json\/wp\/v2\/product_cat?post=6429"},{"taxonomy":"product_tag","embeddable":true,"href":"\/shop\/wp-json\/wp\/v2\/product_tag?post=6429"}],"curies":[{"name":"wp","href":"https:\/\/api.w.org\/{rel}","templated":true}]}}