{"id":6441,"date":"2025-09-18T13:15:56","date_gmt":"2025-09-18T11:15:56","guid":{"rendered":"https:\/\/www.sonnenschutz-lang.com\/shop\/?post_type=product&#038;p=6441"},"modified":"2025-09-22T14:34:38","modified_gmt":"2025-09-22T12:34:38","slug":"varisol-k200-schlanke-kastenmarkise","status":"publish","type":"product","link":"\/shop\/produkt\/varisol-k200-schlanke-kastenmarkise\/","title":{"rendered":"Varisol K200 Schlanke Kastenmarkise"},"content":{"rendered":"<p class=\"h4\"><strong>Schlie\u00dft fl\u00fcsterleise<\/strong><\/p>\n<p class=\"margin-bottom\"><strong>Die Kunststoffgleiter<\/strong> am Ende der Fallstange sorgen f\u00fcr ein ger\u00e4uscharmes Schlie\u00dfen der Markise.<\/p>\n<p class=\"h4\"><strong>Witterungsschutz f\u00fcr\u2019s Tuch<\/strong><\/p>\n<p class=\"margin-bottom\"><strong>Die Tuchwellenabdeckung<\/strong> geh\u00f6rt bei der K200 zur Serienausstattung. Sie sch\u00fctzt die Tuchwelle auch im ausgefahrenen Zustand vor Witterungseinfl\u00fcssen.<\/p>\n<p class=\"h4\"><strong>K200 Merkmale<\/strong><\/p>\n<ul class=\"styled-list margin-bottom\">\n<li>Tuchfl\u00e4che einzeln bis 21 m\u00b2<\/li>\n<li>Robuster, doppelwandiger Markisenkasten<\/li>\n<li>Stabile Fallstange mit integrierter Regenrinne<\/li>\n<li>Ger\u00e4uscharmes Schlie\u00dfen<\/li>\n<\/ul>\n<p class=\"h4\"><strong>K200 Optionen<\/strong><\/p>\n<ul class=\"styled-list margin-bottom\">\n<li>Markisengestell in Wunschfarbe<\/li>\n<li>Funkmotor-Bedienung per Handsender<\/li>\n<li>Manuelle Bedienung durch Kurbelantrieb<\/li>\n<li>Volant in vier unterschiedlichen Formen<\/li>\n<\/ul>\n","protected":false},"excerpt":{"rendered":"<h3>Grazil und trotzdem robust \u2013 dauerhaft strahlend sch\u00f6n<\/h3>\n<p><strong>Die Schlanke Kastenmarkise K200<\/strong> \u00fcberzeugt durch edles Design und perfekten Wetterschutz. Ebenso f\u00fcr kleine Balkone wie f\u00fcr Terrassen geeignet, bietet dieses Modell auch auf \u00fcberschaubarem Raum erstklassigen Sonnenschutz zu einem attraktiven Preis. Trotz ihrer leichten Profile kann die K200 bei einer Breite von maximal sechs Metern bis zu dreieinhalb Meter tief ausgefahren werden.<\/p>\n","protected":false},"featured_media":6623,"comment_status":"closed","ping_status":"closed","template":"","meta":{"_acf_changed":false},"product_brand":[],"product_cat":[307,297],"product_tag":[],"class_list":{"0":"post-6441","1":"product","2":"type-product","3":"status-publish","4":"has-post-thumbnail","6":"product_cat-kassettenmarkisen","7":"product_cat-markisen","9":"first","10":"instock","11":"shipping-taxable","12":"purchasable","13":"product-type-simple"},"acf":[],"_links":{"self":[{"href":"\/shop\/wp-json\/wp\/v2\/product\/6441","targetHints":{"allow":["GET"]}}],"collection":[{"href":"\/shop\/wp-json\/wp\/v2\/product"}],"about":[{"href":"\/shop\/wp-json\/wp\/v2\/types\/product"}],"replies":[{"embeddable":true,"href":"\/shop\/wp-json\/wp\/v2\/comments?post=6441"}],"wp:featuredmedia":[{"embeddable":true,"href":"\/shop\/wp-json\/wp\/v2\/media\/6623"}],"wp:attachment":[{"href":"\/shop\/wp-json\/wp\/v2\/media?parent=6441"}],"wp:term":[{"taxonomy":"product_brand","embeddable":true,"href":"\/shop\/wp-json\/wp\/v2\/product_brand?post=6441"},{"taxonomy":"product_cat","embeddable":true,"href":"\/shop\/wp-json\/wp\/v2\/product_cat?post=6441"},{"taxonomy":"product_tag","embeddable":true,"href":"\/shop\/wp-json\/wp\/v2\/product_tag?post=6441"}],"curies":[{"name":"wp","href":"https:\/\/api.w.org\/{rel}","templated":true}]}}