{"id":6450,"date":"2025-09-18T13:24:15","date_gmt":"2025-09-18T11:24:15","guid":{"rendered":"https:\/\/www.sonnenschutz-lang.com\/shop\/?post_type=product&#038;p=6450"},"modified":"2025-09-22T10:31:28","modified_gmt":"2025-09-22T08:31:28","slug":"varisol-k350-softline-kastenmarkise","status":"publish","type":"product","link":"\/shop\/produkt\/varisol-k350-softline-kastenmarkise\/","title":{"rendered":"Varisol K350 Softline-Kastenmarkise"},"content":{"rendered":"<p class=\"h4\"><strong>Zus\u00e4tzlicher Blendschutz<\/strong><\/p>\n<p class=\"margin-bottom\"><strong>Der optionale Vario-Volant<\/strong> sorgt auch bei tiefstehender Sonne f\u00fcr perfekte Lichtverh\u00e4ltnisse oder verhindert neugierige Blicke. Er f\u00e4hrt an der Fallstange aus und ist per Kurbel oder Fernbedienung einzustellen.<\/p>\n<p class=\"h4\"><strong>Harmonisch Ton in Ton<\/strong><\/p>\n<p class=\"margin-bottom\"><strong>Hier passt einfach alles:<\/strong> Formsch\u00f6ne Montagekonsole mit Abdeckblechen in der Farbe des Markisengestells.<\/p>\n<p class=\"h4\"><strong>K350 Merkmale<\/strong><\/p>\n<ul class=\"styled-list margin-bottom\">\n<li>Tuchfl\u00e4che einzeln bis 26 m\u00b2<\/li>\n<li>Elegant abgerundeter Markisenkasten<\/li>\n<li>Stabilisierung durch Hohlkammer im Kasten<\/li>\n<li>Stabile Fallstange mit integrierter Regenrinne<\/li>\n<\/ul>\n<p class=\"h4\"><strong>K350 Optionen<\/strong><\/p>\n<ul class=\"styled-list margin-bottom\">\n<li>Vario-Volant mit Kurbel- oder Motorbedienung<\/li>\n<li>Volant in vier unterschiedlichen Formen<\/li>\n<li>Markisengestell in Wunschfarbe<\/li>\n<li>Funkmotor-Bedienung per Handsender<\/li>\n<li>LED-Beleuchtung<\/li>\n<\/ul>\n","protected":false},"excerpt":{"rendered":"<h3>Alles im Kasten \u2013 <span>Action ganz ohne Get\u00f6se<\/span><\/h3>\n<p><strong>Die Softline-Kastenmarkise K350<\/strong> verbindet \u00e4sthetische Schwerelosigkeit mit gro\u00dfer Widerstandskraft. Selbst weitl\u00e4ufige Fl\u00e4chen von vier Metern Tiefe und bis zu achtzehn Meter Breite k\u00f6nnen mit diesem Modell komfortabel beschattet werden. Der abgerundete Markisenkasten in Softline-Optik f\u00fcgt sich dezent in jedes architektonische Konzept. Eine Sichtblende im Kastenprofil sch\u00fctzt das Tuch vor Witterungseinfl\u00fcssen.<\/p>\n","protected":false},"featured_media":6453,"comment_status":"closed","ping_status":"closed","template":"","meta":{"_acf_changed":false},"product_brand":[],"product_cat":[307,297],"product_tag":[],"class_list":{"0":"post-6450","1":"product","2":"type-product","3":"status-publish","4":"has-post-thumbnail","6":"product_cat-kassettenmarkisen","7":"product_cat-markisen","9":"first","10":"instock","11":"shipping-taxable","12":"purchasable","13":"product-type-simple"},"acf":[],"_links":{"self":[{"href":"\/shop\/wp-json\/wp\/v2\/product\/6450","targetHints":{"allow":["GET"]}}],"collection":[{"href":"\/shop\/wp-json\/wp\/v2\/product"}],"about":[{"href":"\/shop\/wp-json\/wp\/v2\/types\/product"}],"replies":[{"embeddable":true,"href":"\/shop\/wp-json\/wp\/v2\/comments?post=6450"}],"wp:featuredmedia":[{"embeddable":true,"href":"\/shop\/wp-json\/wp\/v2\/media\/6453"}],"wp:attachment":[{"href":"\/shop\/wp-json\/wp\/v2\/media?parent=6450"}],"wp:term":[{"taxonomy":"product_brand","embeddable":true,"href":"\/shop\/wp-json\/wp\/v2\/product_brand?post=6450"},{"taxonomy":"product_cat","embeddable":true,"href":"\/shop\/wp-json\/wp\/v2\/product_cat?post=6450"},{"taxonomy":"product_tag","embeddable":true,"href":"\/shop\/wp-json\/wp\/v2\/product_tag?post=6450"}],"curies":[{"name":"wp","href":"https:\/\/api.w.org\/{rel}","templated":true}]}}