{"id":6455,"date":"2025-09-18T13:32:51","date_gmt":"2025-09-18T11:32:51","guid":{"rendered":"https:\/\/www.sonnenschutz-lang.com\/shop\/?post_type=product&#038;p=6455"},"modified":"2025-09-22T14:35:58","modified_gmt":"2025-09-22T12:35:58","slug":"varisol-k450-puristische-kastenmarkise","status":"publish","type":"product","link":"\/shop\/produkt\/varisol-k450-puristische-kastenmarkise\/","title":{"rendered":"Varisol K450 Puristische Kastenmarkise"},"content":{"rendered":"<p class=\"h4\"><strong>Design ohne Kompromisse<\/strong><\/p>\n<p class=\"margin-bottom\"><strong>Klare Kante<\/strong> zeigt der Markisenkasten im Bauhausstil. Mit seinem geradlinigen Design setzt das Modell ein \u00e4sthetisches Statement an jeder Fassade.<\/p>\n<p class=\"h4\"><strong>F\u00fcr individuelle Neigung<\/strong><\/p>\n<p class=\"margin-bottom\"><strong>Gerade oder schr\u00e4g?<\/strong> Mit dem Kippgelenkarm\u00adlager mit patentierter selbstverriegelnder Hochschlagsicherung kann die Markisenneigung an den Armlagern stufenlos von 0 bis 40 Grad eingestellt werden.<\/p>\n<p class=\"h4\"><strong>K450 Merkmale<\/strong><\/p>\n<ul class=\"styled-list margin-bottom\">\n<li>Tuchfl\u00e4che einzeln bis 28 m\u00b2<\/li>\n<li>Einteiliger Markisenkasten<\/li>\n<li>Stabile Fallstange mit integrierter Regenrinne<\/li>\n<li>Ger\u00e4uscharmes Schlie\u00dfen<\/li>\n<\/ul>\n<p class=\"h4\"><strong>K450 Optionen<\/strong><\/p>\n<ul class=\"styled-list margin-bottom\">\n<li>Vario-Volant mit Kurbel- oder Motorbedienung<\/li>\n<li>Volant in vier unterschiedlichen Formen<\/li>\n<li>Markisengestell in Wunschfarbe<\/li>\n<li>Funkmotor-Bedienung per Handsender<\/li>\n<li>LED-Beleuchtung<\/li>\n<\/ul>\n","protected":false},"excerpt":{"rendered":"<h3>Kraft und Sch\u00f6nheit in perfekter Harmonie<\/h3>\n<p><strong>Die puristische Kastenmarkise K450<\/strong> zeichnet sich durch ihr kompromissloses Design aus: Rechte Winkel und gerade Linien erinnern an den Bauhausstil. Dank ihrer strengen Form f\u00fcgt sie sich ideal in die geometrische Architektur moderner Wohnimmobilien. Mit der geraden Fallstange l\u00e4sst sich die K450 perfekt in Fassaden integrieren. Bei einer maximalen Fl\u00e4che von bis zu 28 Quadratmetern beschattet sie auch gr\u00f6\u00dfere Terrassen.<\/p>\n","protected":false},"featured_media":6457,"comment_status":"closed","ping_status":"closed","template":"","meta":{"_acf_changed":false},"product_brand":[],"product_cat":[307,297],"product_tag":[],"class_list":{"0":"post-6455","1":"product","2":"type-product","3":"status-publish","4":"has-post-thumbnail","6":"product_cat-kassettenmarkisen","7":"product_cat-markisen","9":"first","10":"instock","11":"shipping-taxable","12":"purchasable","13":"product-type-simple"},"acf":[],"_links":{"self":[{"href":"\/shop\/wp-json\/wp\/v2\/product\/6455","targetHints":{"allow":["GET"]}}],"collection":[{"href":"\/shop\/wp-json\/wp\/v2\/product"}],"about":[{"href":"\/shop\/wp-json\/wp\/v2\/types\/product"}],"replies":[{"embeddable":true,"href":"\/shop\/wp-json\/wp\/v2\/comments?post=6455"}],"wp:featuredmedia":[{"embeddable":true,"href":"\/shop\/wp-json\/wp\/v2\/media\/6457"}],"wp:attachment":[{"href":"\/shop\/wp-json\/wp\/v2\/media?parent=6455"}],"wp:term":[{"taxonomy":"product_brand","embeddable":true,"href":"\/shop\/wp-json\/wp\/v2\/product_brand?post=6455"},{"taxonomy":"product_cat","embeddable":true,"href":"\/shop\/wp-json\/wp\/v2\/product_cat?post=6455"},{"taxonomy":"product_tag","embeddable":true,"href":"\/shop\/wp-json\/wp\/v2\/product_tag?post=6455"}],"curies":[{"name":"wp","href":"https:\/\/api.w.org\/{rel}","templated":true}]}}