{"id":6461,"date":"2025-09-18T14:22:04","date_gmt":"2025-09-18T12:22:04","guid":{"rendered":"https:\/\/www.sonnenschutz-lang.com\/shop\/?post_type=product&#038;p=6461"},"modified":"2025-09-22T14:37:34","modified_gmt":"2025-09-22T12:37:34","slug":"varisol-k500-premium-kastenmarkise","status":"publish","type":"product","link":"\/shop\/produkt\/varisol-k500-premium-kastenmarkise\/","title":{"rendered":"Varisol K500 Premium-Kastenmarkise"},"content":{"rendered":"<p class=\"h4\"><strong>Innere Sch\u00f6nheit<\/strong><\/p>\n<p class=\"margin-bottom\"><strong>Die elegante Fallstange<\/strong> der K500 ist mit ihren sanften Rundungen eine wahre Augenweide. Dar\u00fcber hinaus \u00fcberzeugt sie auch mit inneren Werten: mit der integrierten Wasserablaufrinne.<\/p>\n<p class=\"h4\"><strong>F\u00fcr die richtige Einstellung<\/strong><\/p>\n<p class=\"margin-bottom\"><strong>Mit dem Kippgelenkarm\u00adlager<\/strong> aus pulverbeschichtetem Aluminium mit patentierter selbstverriegelnder Hochschlagsicherung kann die Markisenneigung an den Armlagern stufenlos von 0 bis 40 Grad eingestellt werden.<\/p>\n<p class=\"h4\"><strong>K500 Merkmale<\/strong><\/p>\n<ul class=\"styled-list margin-bottom\">\n<li>Tuchfl\u00e4che einzeln bis 28 m\u00b2<\/li>\n<li>Einteiliger Markisenkasten<\/li>\n<li>Stabile, elegant abgerundete Fallstange<\/li>\n<li>Ger\u00e4uscharmer Betrieb<\/li>\n<li>Kippgelenkarmlager<\/li>\n<li>Optimale Tuchspannung<\/li>\n<\/ul>\n<p class=\"h4\"><strong>K500 Optionen<\/strong><\/p>\n<ul class=\"styled-list margin-bottom\">\n<li>Vario-Volant mit Kurbel- oder Motorbedienung<\/li>\n<li>Volant in vier unterschiedlichen Formen<\/li>\n<li>Markisengestell in Wunschfarbe<\/li>\n<li>Funkmotor-Bedienung per Handsender<\/li>\n<li>LED-Beleuchtung<\/li>\n<\/ul>\n","protected":false},"excerpt":{"rendered":"<h3>Unsere Extraklasse l\u00e4sst keine W\u00fcnsche offen<\/h3>\n<p><strong>Die Premium-Kastenmarkise K500<\/strong> spielt in der K\u00f6nigsklasse. Gekuppelt kann die Luxus-Markise eine Fl\u00e4che von 72 Quadratmetern beschatten. Zus\u00e4tzlich liefert sie mit umfangreichem Zubeh\u00f6r allen erdenklichen Komfort: Vom Handsender \u00fcber stimmungsvolle LED-Beleuchtung bis hin zum elektrisch angetriebenen Vario-Volant als Blendschutz bei tiefstehender Sonne. Die Tuchleitschale st\u00fctzt das Markisentuch bei gro\u00dfem Ausfall.<\/p>\n","protected":false},"featured_media":6627,"comment_status":"closed","ping_status":"closed","template":"","meta":{"_acf_changed":false},"product_brand":[],"product_cat":[307,297],"product_tag":[],"class_list":{"0":"post-6461","1":"product","2":"type-product","3":"status-publish","4":"has-post-thumbnail","6":"product_cat-kassettenmarkisen","7":"product_cat-markisen","9":"first","10":"instock","11":"shipping-taxable","12":"purchasable","13":"product-type-simple"},"acf":[],"_links":{"self":[{"href":"\/shop\/wp-json\/wp\/v2\/product\/6461","targetHints":{"allow":["GET"]}}],"collection":[{"href":"\/shop\/wp-json\/wp\/v2\/product"}],"about":[{"href":"\/shop\/wp-json\/wp\/v2\/types\/product"}],"replies":[{"embeddable":true,"href":"\/shop\/wp-json\/wp\/v2\/comments?post=6461"}],"wp:featuredmedia":[{"embeddable":true,"href":"\/shop\/wp-json\/wp\/v2\/media\/6627"}],"wp:attachment":[{"href":"\/shop\/wp-json\/wp\/v2\/media?parent=6461"}],"wp:term":[{"taxonomy":"product_brand","embeddable":true,"href":"\/shop\/wp-json\/wp\/v2\/product_brand?post=6461"},{"taxonomy":"product_cat","embeddable":true,"href":"\/shop\/wp-json\/wp\/v2\/product_cat?post=6461"},{"taxonomy":"product_tag","embeddable":true,"href":"\/shop\/wp-json\/wp\/v2\/product_tag?post=6461"}],"curies":[{"name":"wp","href":"https:\/\/api.w.org\/{rel}","templated":true}]}}