{"id":6469,"date":"2025-09-18T14:32:58","date_gmt":"2025-09-18T12:32:58","guid":{"rendered":"https:\/\/www.sonnenschutz-lang.com\/shop\/?post_type=product&#038;p=6469"},"modified":"2025-09-22T10:28:52","modified_gmt":"2025-09-22T08:28:52","slug":"varisol-w350-kleine-wintergartenmarkise","status":"publish","type":"product","link":"\/shop\/produkt\/varisol-w350-kleine-wintergartenmarkise\/","title":{"rendered":"Varisol W350 Kleine Wintergartenmarkise"},"content":{"rendered":"<p class=\"h4\"><strong>Alles bestens gesch\u00fctzt<\/strong><\/p>\n<p class=\"margin-bottom\"><strong>Die Dachverl\u00e4ngerung des Markisenkastens<\/strong> sch\u00fctzt im eingefahrenen Zustand die Fallstange sowie das eingerollte Tuch und die Mechanik vor Witterungseinfl\u00fcssen. <\/p>\n<p class=\"h4\"><strong>L\u00fcckenlose Beschattung<\/strong><\/p>\n<p class=\"margin-bottom\"><strong>Mit seitlicher Zip-Tuchf\u00fchrung<\/strong> wird das Tuch zus\u00e4tzlich an vier Seiten gespannt. So entf\u00e4llt der Lichtspalt zwischen den seitlichen Tuchkanten und den F\u00fchrungsschienen. Au\u00dferdem bleibt das Tuch in Form.<\/p>\n<p class=\"h4\"><strong>W350 Merkmale<\/strong><\/p>\n<ul class=\"styled-list margin-bottom\">\n<li>Tuchfl\u00e4che einzeln bis 30 m\u00b2<\/li>\n<li>Maximal zwei Elemente kuppelbar<\/li>\n<li>10 Gestellfarben zur Auswahl<\/li>\n<li>Kompakter Markisenkasten<\/li>\n<li>Schmale F\u00fchrungsschienen<\/li>\n<li>Intelligentes Spannsystem f\u00fcr optimale Tuchspannung<\/li>\n<\/ul>\n<p class=\"h4\"><strong>W350 Optionen<\/strong><\/p>\n<ul class=\"styled-list margin-bottom\">\n<li>Zip-Rei\u00dfverschlusssystem f\u00fcr l\u00fcckenlose Beschattung<\/li>\n<li>Markisengestell in Wunschfarbe<\/li>\n<li>Funkmotor-Bedienung per Handsender<\/li>\n<li>SOMFY Sonnen- und Windw\u00e4chter<\/li>\n<li>Wetterstation Elsner Solexa<\/li>\n<\/ul>\n","protected":false},"excerpt":{"rendered":"<h3>Schatten f\u00fcr filigrane Winterg\u00e4rten \u2013 <span>Perfektion bis ins Detail<\/span><\/h3>\n<p><strong>Die kleine Wintergartenmarkise W350<\/strong> ist die perfekte Sonnenschutzl\u00f6sung f\u00fcr kleine Winterg\u00e4rten: Ihr Design ist bewusst feingliedrig: Markisenkasten und F\u00fchrungsschienen erscheinen besonders leicht. Dennoch bietet sie wirkungsvollen Schutz vor intensiver Sonneneinstrahlung und sorgt f\u00fcr angenehme Licht- und Temperaturverh\u00e4ltnisse in Ihrem Wintergarten. <\/p>\n","protected":false},"featured_media":6473,"comment_status":"closed","ping_status":"closed","template":"","meta":{"_acf_changed":false},"product_brand":[],"product_cat":[297,308],"product_tag":[],"class_list":{"0":"post-6469","1":"product","2":"type-product","3":"status-publish","4":"has-post-thumbnail","6":"product_cat-markisen","7":"product_cat-wintergartenmarkise","9":"first","10":"instock","11":"shipping-taxable","12":"purchasable","13":"product-type-simple"},"acf":[],"_links":{"self":[{"href":"\/shop\/wp-json\/wp\/v2\/product\/6469","targetHints":{"allow":["GET"]}}],"collection":[{"href":"\/shop\/wp-json\/wp\/v2\/product"}],"about":[{"href":"\/shop\/wp-json\/wp\/v2\/types\/product"}],"replies":[{"embeddable":true,"href":"\/shop\/wp-json\/wp\/v2\/comments?post=6469"}],"wp:featuredmedia":[{"embeddable":true,"href":"\/shop\/wp-json\/wp\/v2\/media\/6473"}],"wp:attachment":[{"href":"\/shop\/wp-json\/wp\/v2\/media?parent=6469"}],"wp:term":[{"taxonomy":"product_brand","embeddable":true,"href":"\/shop\/wp-json\/wp\/v2\/product_brand?post=6469"},{"taxonomy":"product_cat","embeddable":true,"href":"\/shop\/wp-json\/wp\/v2\/product_cat?post=6469"},{"taxonomy":"product_tag","embeddable":true,"href":"\/shop\/wp-json\/wp\/v2\/product_tag?post=6469"}],"curies":[{"name":"wp","href":"https:\/\/api.w.org\/{rel}","templated":true}]}}