{"id":6484,"date":"2025-09-18T14:48:27","date_gmt":"2025-09-18T12:48:27","guid":{"rendered":"https:\/\/www.sonnenschutz-lang.com\/shop\/?post_type=product&#038;p=6484"},"modified":"2025-09-22T10:26:27","modified_gmt":"2025-09-22T08:26:27","slug":"varisol-t90-manuelle-terrassendachmarkise","status":"publish","type":"product","link":"\/shop\/produkt\/varisol-t90-manuelle-terrassendachmarkise\/","title":{"rendered":"Varisol T90 Manuelle Terrassendachmarkise"},"content":{"rendered":"<p class=\"h4\"><strong>L\u00e4uft gut und sicher<\/strong><\/p>\n<p class=\"margin-bottom\"><strong>Die F\u00fchrungsschienen<\/strong> besitzen C-f\u00f6rmige Laufkammern, die sicher gew\u00e4hrleisten, dass die Fallstange nicht herausfallen kann. Ein Schlitz in der unteren Kammer sorgt f\u00fcr besten Lauf der Zugb\u00e4nder.<\/p>\n<p class=\"h4\"><strong>Selbst Hand anlegen<\/strong><\/p>\n<p class=\"margin-bottom\"><strong>Der klassische Kurbelantrieb<\/strong> in modernem Design ist denkbar einfach: Ohne Schalter, Sender und Strom wird die Markise auf bew\u00e4hrte Art einfach so weit ein- oder ausgefahren, wie es gerade gew\u00fcnscht ist.<\/p>\n<p class=\"h4\"><strong>T90 Merkmale<\/strong><\/p>\n<ul class=\"styled-list margin-bottom\">\n<li>Tuchfl\u00e4che bis 20 m\u00b2<\/li>\n<li>10 Gestellfarben zur Auswahl<\/li>\n<li>Kurbelbedienung<\/li>\n<li>Gegenzugsystem f\u00fcr optimale Tuchspannung<\/li>\n<\/ul>\n","protected":false},"excerpt":{"rendered":"<h3>Idyllische Schattenoase <span>f\u00fcr Minimalisten<\/span><\/h3>\n<p><strong>Die manuelle Terrassendachmarkise T90<\/strong> bietet leistungsstarken Sonnenschutz im g\u00fcnstigen Preissegment ohne Wenn und Aber. Mit modernem Design und leichter Handhabung per klassischer Kurbel sorgt sie f\u00fcr beste Lichtverh\u00e4ltnisse. Als kleine Schwester der beliebten T200 eignet sie sich ideal f\u00fcr kleine Terrassend\u00e4cher: Schon ab einer Mindestbreite von 72 Zentimetern bietet sie intensiven Sonnenstrahlen sicher paroli<\/p>\n","protected":false},"featured_media":6489,"comment_status":"closed","ping_status":"closed","template":"","meta":{"_acf_changed":false},"product_brand":[],"product_cat":[297,309],"product_tag":[],"class_list":{"0":"post-6484","1":"product","2":"type-product","3":"status-publish","4":"has-post-thumbnail","6":"product_cat-markisen","7":"product_cat-terrassendachmarkisen","9":"first","10":"instock","11":"shipping-taxable","12":"purchasable","13":"product-type-simple"},"acf":[],"_links":{"self":[{"href":"\/shop\/wp-json\/wp\/v2\/product\/6484","targetHints":{"allow":["GET"]}}],"collection":[{"href":"\/shop\/wp-json\/wp\/v2\/product"}],"about":[{"href":"\/shop\/wp-json\/wp\/v2\/types\/product"}],"replies":[{"embeddable":true,"href":"\/shop\/wp-json\/wp\/v2\/comments?post=6484"}],"wp:featuredmedia":[{"embeddable":true,"href":"\/shop\/wp-json\/wp\/v2\/media\/6489"}],"wp:attachment":[{"href":"\/shop\/wp-json\/wp\/v2\/media?parent=6484"}],"wp:term":[{"taxonomy":"product_brand","embeddable":true,"href":"\/shop\/wp-json\/wp\/v2\/product_brand?post=6484"},{"taxonomy":"product_cat","embeddable":true,"href":"\/shop\/wp-json\/wp\/v2\/product_cat?post=6484"},{"taxonomy":"product_tag","embeddable":true,"href":"\/shop\/wp-json\/wp\/v2\/product_tag?post=6484"}],"curies":[{"name":"wp","href":"https:\/\/api.w.org\/{rel}","templated":true}]}}