{"id":6496,"date":"2025-09-18T15:01:17","date_gmt":"2025-09-18T13:01:17","guid":{"rendered":"https:\/\/www.sonnenschutz-lang.com\/shop\/?post_type=product&#038;p=6496"},"modified":"2025-09-22T14:40:17","modified_gmt":"2025-09-22T12:40:17","slug":"varisol-t350-terrassendachmarkise-mit-zip","status":"publish","type":"product","link":"\/shop\/produkt\/varisol-t350-terrassendachmarkise-mit-zip\/","title":{"rendered":"Varisol T350 Terrassendachmarkise mit Zip"},"content":{"rendered":"<p class=\"h4\"><strong>Eine gl\u00fcckliche F\u00fcgung<\/strong><\/p>\n<p class=\"margin-bottom\"><strong>Mit seitlicher Zip-Tuchf\u00fchrung<\/strong> wird das Tuch an vier Seiten zus\u00e4tzlich gespannt. So entf\u00e4llt der Lichtspalt zwischen den seitlichen Tuchkanten und den F\u00fchrungsschienen. Au\u00dferdem bleibt das Tuch in Form.<\/p>\n<p class=\"h4\"><strong>Senkrechter Schutz<\/strong><\/p>\n<p class=\"margin-bottom\"><strong>Wenn die Abendsonne tiefsteht<\/strong>, kann sie unangenehm blenden. Der optionale Vario-Volant an der Fallstange bietet Schutz vor grellem Licht oder vor unerw\u00fcnschten Blicken und wird mit einer leichtg\u00e4ngigen Kurbel angetrieben.<\/p>\n<p class=\"h4\"><strong>T350 Merkmale<\/strong><\/p>\n<ul class=\"styled-list margin-bottom\">\n<li>Tuchfl\u00e4che einzeln bis 30 m\u00b2<\/li>\n<li>Maximal zwei Elemente kuppelbar<\/li>\n<li>10 Gestellfarben zur Auswahl<\/li>\n<li>Zip-Rei\u00dfverschlusssystem f\u00fcr l\u00fcckenlose Beschattung<\/li>\n<li>Intelligentes Spannsystem f\u00fcr optimale Tuchspannung<\/li>\n<\/ul>\n<p class=\"h4\"><strong>T350 Optionen<\/strong><\/p>\n<ul class=\"styled-list margin-bottom\">\n<li>Vario-Volant mit Kurbelantrieb<\/li>\n<li>Markisengestell in Wunschfarbe<\/li>\n<li>Funkmotor-Bedienung per Handsender<\/li>\n<\/ul>\n","protected":false},"excerpt":{"rendered":"<h3>King Size L\u00f6sung f\u00fcr weitl\u00e4ufige Terrassen<\/h3>\n<p><strong>Die Gro\u00dfe Terrassendachmarkise mit Zip<\/strong> bietet dank ihres Rei\u00dfverschlusssystems beste Windstabilit\u00e4t und l\u00fcckenlosen Schatten. Der Zip spannt das Tuch und schlie\u00dft die L\u00fccke zwischen seitlichem Saum und F\u00fchrungsschiene. Selbst sehr gro\u00dfe Terrassend\u00e4cher k\u00f6nnen mit dieser Markise<br \/>\nbeschattet werden: Bei einer gekuppelten Anlage sind Fl\u00e4chen von zw\u00f6lf Metern Breite und f\u00fcnf Metern Ausfall realisierbar.<\/p>\n","protected":false},"featured_media":6630,"comment_status":"closed","ping_status":"closed","template":"","meta":{"_acf_changed":false},"product_brand":[],"product_cat":[297,309],"product_tag":[],"class_list":{"0":"post-6496","1":"product","2":"type-product","3":"status-publish","4":"has-post-thumbnail","6":"product_cat-markisen","7":"product_cat-terrassendachmarkisen","9":"first","10":"instock","11":"shipping-taxable","12":"purchasable","13":"product-type-simple"},"acf":[],"_links":{"self":[{"href":"\/shop\/wp-json\/wp\/v2\/product\/6496","targetHints":{"allow":["GET"]}}],"collection":[{"href":"\/shop\/wp-json\/wp\/v2\/product"}],"about":[{"href":"\/shop\/wp-json\/wp\/v2\/types\/product"}],"replies":[{"embeddable":true,"href":"\/shop\/wp-json\/wp\/v2\/comments?post=6496"}],"wp:featuredmedia":[{"embeddable":true,"href":"\/shop\/wp-json\/wp\/v2\/media\/6630"}],"wp:attachment":[{"href":"\/shop\/wp-json\/wp\/v2\/media?parent=6496"}],"wp:term":[{"taxonomy":"product_brand","embeddable":true,"href":"\/shop\/wp-json\/wp\/v2\/product_brand?post=6496"},{"taxonomy":"product_cat","embeddable":true,"href":"\/shop\/wp-json\/wp\/v2\/product_cat?post=6496"},{"taxonomy":"product_tag","embeddable":true,"href":"\/shop\/wp-json\/wp\/v2\/product_tag?post=6496"}],"curies":[{"name":"wp","href":"https:\/\/api.w.org\/{rel}","templated":true}]}}