{"id":6509,"date":"2025-09-18T15:09:04","date_gmt":"2025-09-18T13:09:04","guid":{"rendered":"https:\/\/www.sonnenschutz-lang.com\/shop\/?post_type=product&#038;p=6509"},"modified":"2025-09-22T10:37:37","modified_gmt":"2025-09-22T08:37:37","slug":"varisol-f213-kubische-mini-senkrechtmarkise-mit-zip","status":"publish","type":"product","link":"\/shop\/produkt\/varisol-f213-kubische-mini-senkrechtmarkise-mit-zip\/","title":{"rendered":"Varisol F213 Kubische Mini-Senkrechtmarkise mit Zip"},"content":{"rendered":"<p class=\"h4\"><strong>Formvollendet gesch\u00fctzt<\/strong><\/p>\n<p class=\"margin-bottom\"><strong>Der markante Markisenkasten der F213<\/strong> \u00fcberzeugt durch die geometrische Linienf\u00fchrung und hohe Stabilit\u00e4t bei kompakten Abmessungen. S\u00e4mtliche Teile inklusive der Fallstange sind aus pulverbeschichteten Aluminiumprofilen gefertigt.<\/p>\n<p class=\"h4\"><strong>Extra-Lauf f\u00fcr beste Spannung<\/strong><\/p>\n<p class=\"margin-bottom\"><strong>In der Zip-F\u00fchrungsschiene<\/strong> verl\u00e4uft ein spezielles F\u00fchrungsprofil aus glasfaserverst\u00e4rktem Kunststoff. Darin wird der seitlich am Markisentuch fixierte Rei\u00dfverschluss sicher \u00fcber die gesamte L\u00e4nge gef\u00fchrt und gespannt.<\/p>\n<p class=\"h4\"><strong>F213 Merkmale<\/strong><\/p>\n<ul class=\"styled-list margin-bottom\">\n<li>Max. Tuchfl\u00e4che 7,8 m\u00b2<\/li>\n<li>Max. Breite 3,5 m<\/li>\n<li>Mini Kasten<\/li>\n<li>Zip-Rei\u00dfverschlusssystem f\u00fcr l\u00fcckenlose Beschattung<\/li>\n<li>Bespannung aus Starscreen<\/li>\n<\/ul>\n<p class=\"h4\"><strong>F213 Optionen<\/strong><\/p>\n<ul class=\"styled-list margin-bottom\">\n<li>Markisengestell in Wunschfarbe<\/li>\n<li>Funkmotor-Bedienung per Handsender<\/li>\n<\/ul>\n","protected":false},"excerpt":{"rendered":"<h3>Gerade Linie, klare Kante \u2013 <span>klassische Eleganz<\/span><\/h3>\n<p><strong>Die Kubische Mini-Senkrechtmarkise F213 mit Zip<\/strong> \u00fcberzeugt durch kompromisslose Geradlinigkeit. Ihr minimalistisches Design fokussiert sich auf das Wesentliche: Blendschutz bei tiefstehender Sonne, Sichtschutz bei neugierigen Nachbarn oder Schutz vor k\u00fchlem Wind. Das seitliche Zip-System sorgt f\u00fcr l\u00fcckenlose Beschattung und fixiert das Markisentuch \u00fcber die gesamte H\u00f6he der F\u00fchrungsschienen.<\/p>\n","protected":false},"featured_media":6510,"comment_status":"closed","ping_status":"closed","template":"","meta":{"_acf_changed":false},"product_brand":[],"product_cat":[310,297],"product_tag":[],"class_list":{"0":"post-6509","1":"product","2":"type-product","3":"status-publish","4":"has-post-thumbnail","6":"product_cat-fenstermarkisen","7":"product_cat-markisen","9":"first","10":"instock","11":"shipping-taxable","12":"purchasable","13":"product-type-simple"},"acf":[],"_links":{"self":[{"href":"\/shop\/wp-json\/wp\/v2\/product\/6509","targetHints":{"allow":["GET"]}}],"collection":[{"href":"\/shop\/wp-json\/wp\/v2\/product"}],"about":[{"href":"\/shop\/wp-json\/wp\/v2\/types\/product"}],"replies":[{"embeddable":true,"href":"\/shop\/wp-json\/wp\/v2\/comments?post=6509"}],"wp:featuredmedia":[{"embeddable":true,"href":"\/shop\/wp-json\/wp\/v2\/media\/6510"}],"wp:attachment":[{"href":"\/shop\/wp-json\/wp\/v2\/media?parent=6509"}],"wp:term":[{"taxonomy":"product_brand","embeddable":true,"href":"\/shop\/wp-json\/wp\/v2\/product_brand?post=6509"},{"taxonomy":"product_cat","embeddable":true,"href":"\/shop\/wp-json\/wp\/v2\/product_cat?post=6509"},{"taxonomy":"product_tag","embeddable":true,"href":"\/shop\/wp-json\/wp\/v2\/product_tag?post=6509"}],"curies":[{"name":"wp","href":"https:\/\/api.w.org\/{rel}","templated":true}]}}