{"id":6518,"date":"2025-09-18T15:24:17","date_gmt":"2025-09-18T13:24:17","guid":{"rendered":"https:\/\/www.sonnenschutz-lang.com\/shop\/?post_type=product&#038;p=6518"},"modified":"2025-09-22T10:37:22","modified_gmt":"2025-09-22T08:37:22","slug":"varisol-f421-f422-fallarmmarkisen","status":"publish","type":"product","link":"\/shop\/produkt\/varisol-f421-f422-fallarmmarkisen\/","title":{"rendered":"Varisol F421 \/ F422 Fallarmmarkisen"},"content":{"rendered":"<p class=\"h4\"><strong>Eleganter Rahmen f\u00fcr flexiblen Schutz<\/strong><\/p>\n<p class=\"margin-bottom\"><strong>Der Markisenkasten pr\u00e4sentiert<\/strong> sich in elegantem Design. S\u00e4mtliche Gestellteile sind aus pulverbeschichtetem Aluminium gefertigt und schaffen einen harmonischen Rahmen f\u00fcr das stilbildende Markisentuch.<\/p>\n<p class=\"h4\"><strong>Beschattung nach Ma\u00df: Offen f\u00fcr freie Sicht<\/strong><\/p>\n<p class=\"margin-bottom\"><strong>Aussicht oder vollkommener Schatten?<\/strong> Sie haben die Wahl: In aufgestellter Position gew\u00e4hrt der Fallarm freie Sicht aus dem Fenster. In senkrechter Stellung beschattet er die Fensterfl\u00e4che komplett.<\/p>\n<p class=\"h4\"><strong>F421\/F422 Merkmale<\/strong><\/p>\n<ul class=\"styled-list margin-bottom\">\n<li>Max. Arml\u00e4nge 1.500 mm<\/li>\n<li>Max. Breite einzeln 5 m<\/li>\n<li>Bis zu 3 Anlagen kuppelbar<\/li>\n<li>Bespannung aus Acryl, Polyester oder Soltis86-Screen<\/li>\n<\/ul>\n<p class=\"h4\"><strong>F421\/F422 Optionen<\/strong><\/p>\n<ul class=\"styled-list margin-bottom\">\n<li>Markisengestell in Wunschfarbe<\/li>\n<li>Manuelle Bedienung durch Kurbelantrieb<\/li>\n<li>Funkmotor-Bedienung per Handsender<\/li>\n<li>Bespannung aus Soltis92-Screen<\/li>\n<\/ul>\n","protected":false},"excerpt":{"rendered":"<h3>Sonnige Aussichten ohne Wenn und Aber<\/h3>\n<p><strong>Die Fallarmmarkisen F421\/422<\/strong> sind die beste Kombination f\u00fcr angenehmen Sonnenschutz plus freie Sicht: Gerade wenn im Fr\u00fchling oder Sommer die Sonne scheint und den Blick ins Freie lockt, m\u00f6chte man sich nicht gleich wieder hinter einem Sonnenschutz verbarrikadieren. Varisol-Fallarmmarkisen spenden bei aufgestelltem Arm angenehmen Schatten, ohne den Blick ins Freie zu beeintr\u00e4chtigen.<\/p>\n","protected":false},"featured_media":6519,"comment_status":"closed","ping_status":"closed","template":"","meta":{"_acf_changed":false},"product_brand":[],"product_cat":[310,297],"product_tag":[],"class_list":{"0":"post-6518","1":"product","2":"type-product","3":"status-publish","4":"has-post-thumbnail","6":"product_cat-fenstermarkisen","7":"product_cat-markisen","9":"first","10":"instock","11":"shipping-taxable","12":"purchasable","13":"product-type-simple"},"acf":[],"_links":{"self":[{"href":"\/shop\/wp-json\/wp\/v2\/product\/6518","targetHints":{"allow":["GET"]}}],"collection":[{"href":"\/shop\/wp-json\/wp\/v2\/product"}],"about":[{"href":"\/shop\/wp-json\/wp\/v2\/types\/product"}],"replies":[{"embeddable":true,"href":"\/shop\/wp-json\/wp\/v2\/comments?post=6518"}],"wp:featuredmedia":[{"embeddable":true,"href":"\/shop\/wp-json\/wp\/v2\/media\/6519"}],"wp:attachment":[{"href":"\/shop\/wp-json\/wp\/v2\/media?parent=6518"}],"wp:term":[{"taxonomy":"product_brand","embeddable":true,"href":"\/shop\/wp-json\/wp\/v2\/product_brand?post=6518"},{"taxonomy":"product_cat","embeddable":true,"href":"\/shop\/wp-json\/wp\/v2\/product_cat?post=6518"},{"taxonomy":"product_tag","embeddable":true,"href":"\/shop\/wp-json\/wp\/v2\/product_tag?post=6518"}],"curies":[{"name":"wp","href":"https:\/\/api.w.org\/{rel}","templated":true}]}}