{"id":6585,"date":"2025-09-18T16:05:39","date_gmt":"2025-09-18T14:05:39","guid":{"rendered":"https:\/\/www.sonnenschutz-lang.com\/shop\/?post_type=product&#038;p=6585"},"modified":"2025-09-22T14:41:22","modified_gmt":"2025-09-22T12:41:22","slug":"varisol-p350-kleine-pergolamarkise","status":"publish","type":"product","link":"\/shop\/produkt\/varisol-p350-kleine-pergolamarkise\/","title":{"rendered":"Varisol P350 Kleine Pergolamarkise"},"content":{"rendered":"<p class=\"h4\"><strong>Aus dem Kasten sch\u00f6n auf Linie<\/strong><\/p>\n<p class=\"margin-bottom\"><strong>Der Markisenkasten<\/strong> gl\u00e4nzt mit seinem dynamischen Design: Abgerundete Ecken und gepr\u00e4gte Linien leiten den Blick schwungvoll von der R\u00fcckwand zur F\u00fchrungsschiene.<\/p>\n<p class=\"h4\"><strong>Leitrohr optional auch oben!<\/strong><\/p>\n<p class=\"margin-bottom\"><strong>Ein Leitrohr<\/strong> empfiehlt sich bei gro\u00dfem Ausfall und gro\u00dfen Breiten zur Tuchunterst\u00fctzung. Bei der P350 ist es auch m\u00f6glich, das Leitrohr oberhalb der F\u00fchrungsschienen anzubringen.<\/p>\n<p class=\"h4\"><strong>P350 Merkmale<\/strong><\/p>\n<ul class=\"styled-list margin-bottom\">\n<li>Tuchfl\u00e4che einzeln bis 22,5 m\u00b2<\/li>\n<li>Optimale Tuchspannung durch intelligentes Spannsystem<\/li>\n<li>Begrenzter Regenschutz (neigungsabh\u00e4ngig)<\/li>\n<li>Komfortable Motorbedienung<\/li>\n<li>10 Gestellfarben zur Auswahl<\/li>\n<li>Tuchbespannung aus 100% Markenacryl oder -polyester aus Varisol-Kollektion<\/li>\n<\/ul>\n<p class=\"h4\"><strong>P350 Optionen<\/strong><\/p>\n<ul class=\"styled-list margin-bottom\">\n<li>Absenkbare St\u00fctze f\u00fcr verbesserten Regenablauf<\/li>\n<li>Zip-Rei\u00dfverschlusssystem<\/li>\n<li>Funkmotor-Bedienung per Handsender<\/li>\n<li>Markisengestell in Wunschfarbe<\/li>\n<li>Abdeckplatte f\u00fcr Bodenmontage<\/li>\n<\/ul>\n","protected":false},"excerpt":{"rendered":"<h3>Einfach gut zu gebrauchen \u2013 auch wenn es nieselt<\/h3>\n<p><strong>Die kleine Pergolamarkise P350<\/strong> ist so vielseitig wie das Leben selbst: Sie beschattet Terrassen ganz nach Bedarf und kann dank ihrer absenkbaren St\u00fctze sogar als Schutz vor leichtem Regen eingesetzt werden. F\u00fcr gro\u00dfz\u00fcgige Schattenr\u00e4ume erlauben die St\u00fctzen einen weiten Ausfall der Markise. Damit eignet sie sich speziell f\u00fcr H\u00e4user, an denen Gelenkarmmarkisen nicht angebracht werden k\u00f6nnen.<\/p>\n","protected":false},"featured_media":6587,"comment_status":"closed","ping_status":"closed","template":"","meta":{"_acf_changed":false},"product_brand":[],"product_cat":[297,336],"product_tag":[],"class_list":{"0":"post-6585","1":"product","2":"type-product","3":"status-publish","4":"has-post-thumbnail","6":"product_cat-markisen","7":"product_cat-pergolamarkise","9":"first","10":"instock","11":"shipping-taxable","12":"purchasable","13":"product-type-simple"},"acf":[],"_links":{"self":[{"href":"\/shop\/wp-json\/wp\/v2\/product\/6585","targetHints":{"allow":["GET"]}}],"collection":[{"href":"\/shop\/wp-json\/wp\/v2\/product"}],"about":[{"href":"\/shop\/wp-json\/wp\/v2\/types\/product"}],"replies":[{"embeddable":true,"href":"\/shop\/wp-json\/wp\/v2\/comments?post=6585"}],"wp:featuredmedia":[{"embeddable":true,"href":"\/shop\/wp-json\/wp\/v2\/media\/6587"}],"wp:attachment":[{"href":"\/shop\/wp-json\/wp\/v2\/media?parent=6585"}],"wp:term":[{"taxonomy":"product_brand","embeddable":true,"href":"\/shop\/wp-json\/wp\/v2\/product_brand?post=6585"},{"taxonomy":"product_cat","embeddable":true,"href":"\/shop\/wp-json\/wp\/v2\/product_cat?post=6585"},{"taxonomy":"product_tag","embeddable":true,"href":"\/shop\/wp-json\/wp\/v2\/product_tag?post=6585"}],"curies":[{"name":"wp","href":"https:\/\/api.w.org\/{rel}","templated":true}]}}