{"id":6590,"date":"2025-09-18T16:12:14","date_gmt":"2025-09-18T14:12:14","guid":{"rendered":"https:\/\/www.sonnenschutz-lang.com\/shop\/?post_type=product&#038;p=6590"},"modified":"2025-09-22T14:42:33","modified_gmt":"2025-09-22T12:42:33","slug":"varisol-p550-grosse-pergolamarkise","status":"publish","type":"product","link":"\/shop\/produkt\/varisol-p550-grosse-pergolamarkise\/","title":{"rendered":"Varisol P550 Gro\u00dfe Pergolamarkise"},"content":{"rendered":"<p class=\"h4\"><strong>Von allen Seiten sicher gesch\u00fctzt<\/strong><\/p>\n<p class=\"margin-bottom\"><strong>Elegante Seitenkappen<\/strong> aus Aluminiumguss verschlie\u00dfen den Markisenkasten und sch\u00fctzen das Tuch in eingefahrenem Zustand zuverl\u00e4ssig vor Witterungseinfl\u00fcssen.<\/p>\n<p class=\"h4\"><strong>Perfekte Spannung \u2013 nat\u00fcrlich l\u00fcckenlos!<\/strong><\/p>\n<p class=\"margin-bottom\"><strong>Die optionale Zip-Tuchf\u00fchrung<\/strong> h\u00e4lt das Markisentuch an vier Seiten fest gespannt: Ein Rei\u00dfverschlusssystem verbindet die Tuchkante b\u00fcndig mit der Schiene und verhindert l\u00e4stige Lichtspalte.<\/p>\n<p class=\"h4\"><strong>P550 Merkmale<\/strong><\/p>\n<ul class=\"styled-list margin-bottom\">\n<li>Tuchfl\u00e4che einzeln bis 33 m\u00b2<\/li>\n<li>Optimale Tuchspannung durch intelligentes Spannsystem<\/li>\n<li>Begrenzter Regenschutz (neigungsabh\u00e4ngig)<\/li>\n<li>Komfortable Motorbedienung<\/li>\n<li>10 Gestellfarben zur Auswahl<\/li>\n<li>Tuchbespannung aus 100% Markenacryl oder -polyester aus Varisol-Kollektion<\/li>\n<\/ul>\n<p class=\"h4\"><strong>P550 Optionen<\/strong><\/p>\n<ul class=\"styled-list margin-bottom\">\n<li>Absenkbare St\u00fctze f\u00fcr verbesserten Regenablauf<\/li>\n<li>Stimmungsvolle LED-Beleuchtung<\/li>\n<li>Zip-Rei\u00dfverschlusssystem<\/li>\n<li>Funkmotor-Bedienung per Handsender<\/li>\n<li>Markisengestell in Wunschfarbe<\/li>\n<li>Abdeckplatte f\u00fcr Bodenmontage<\/li>\n<\/ul>\n","protected":false},"excerpt":{"rendered":"<h3>Gro\u00dfz\u00fcgige Beschattung f\u00fcr weitl\u00e4ufige Terrassen<\/h3>\n<p><strong>Die Pergolamarkise P550<\/strong> verwandelt Terrassen in stilvollen Lebensraum. Ihr formvollendetes Design veredelt jeden Au\u00dfenbereich, individuell passend zu Ihrem pers\u00f6nlichen Stil und Ihrer Immobilie. Mit absenkbarer St\u00fctze kann sie bei kurzem oder leichtem Regen als Wetterschutz eingesetzt werden. Das optionale Zip-System sorgt f\u00fcr l\u00fcckenlose Beschattung und maximale Tuchspannung.<\/p>\n","protected":false},"featured_media":6636,"comment_status":"closed","ping_status":"closed","template":"","meta":{"_acf_changed":false},"product_brand":[],"product_cat":[297,336],"product_tag":[],"class_list":{"0":"post-6590","1":"product","2":"type-product","3":"status-publish","4":"has-post-thumbnail","6":"product_cat-markisen","7":"product_cat-pergolamarkise","9":"first","10":"instock","11":"shipping-taxable","12":"purchasable","13":"product-type-simple"},"acf":[],"_links":{"self":[{"href":"\/shop\/wp-json\/wp\/v2\/product\/6590","targetHints":{"allow":["GET"]}}],"collection":[{"href":"\/shop\/wp-json\/wp\/v2\/product"}],"about":[{"href":"\/shop\/wp-json\/wp\/v2\/types\/product"}],"replies":[{"embeddable":true,"href":"\/shop\/wp-json\/wp\/v2\/comments?post=6590"}],"wp:featuredmedia":[{"embeddable":true,"href":"\/shop\/wp-json\/wp\/v2\/media\/6636"}],"wp:attachment":[{"href":"\/shop\/wp-json\/wp\/v2\/media?parent=6590"}],"wp:term":[{"taxonomy":"product_brand","embeddable":true,"href":"\/shop\/wp-json\/wp\/v2\/product_brand?post=6590"},{"taxonomy":"product_cat","embeddable":true,"href":"\/shop\/wp-json\/wp\/v2\/product_cat?post=6590"},{"taxonomy":"product_tag","embeddable":true,"href":"\/shop\/wp-json\/wp\/v2\/product_tag?post=6590"}],"curies":[{"name":"wp","href":"https:\/\/api.w.org\/{rel}","templated":true}]}}