{"id":6599,"date":"2025-09-18T16:47:04","date_gmt":"2025-09-18T14:47:04","guid":{"rendered":"https:\/\/www.sonnenschutz-lang.com\/shop\/?post_type=product&#038;p=6599"},"modified":"2025-09-22T10:39:20","modified_gmt":"2025-09-22T08:39:20","slug":"q-bus-freistehende-markise","status":"publish","type":"product","link":"\/shop\/produkt\/q-bus-freistehende-markise\/","title":{"rendered":"Q.bus Freistehende Markise"},"content":{"rendered":"<p class=\"h4\"><strong>Einstellungssache: eingebauter Regenschutz<\/strong><\/p>\n<p class=\"margin-bottom\"><strong>Mit dem patentierten Absenkmechanismus<\/strong> kann die Neigung des Markisendaches erh\u00f6ht werden, sodass Regen schnell und zuverl\u00e4ssig abl\u00e4uft.<\/p>\n<p class=\"h4\"><strong>Gestaltungsfreiheit in allen Dimensionen<\/p>\n<p class=\"margin-bottom\"><strong>Q.bus-Systeme<\/strong> lassen sich als Alternative zu klassischen Markisen an der Hauswand oder v\u00f6llig freistehend positionieren und k\u00f6nnen in beliebiger Zahl aneinander gekuppelt werden.<\/p>\n<p class=\"h4\"><strong>Q.bus Merkmale<\/strong><\/p>\n<ul class=\"styled-list margin-bottom\">\n<li>Horizontale Dachmarkise mit integrierter Senkrechtmarkise<\/li>\n<li>Freistehend und mit Wandanschluss realisierbar<\/li>\n<li>Beliebig viele Anlagen kuppelbar<\/li>\n<\/ul>\n<p class=\"h4\"><strong>Q.bus Optionen<\/strong><\/p>\n<ul class=\"styled-list margin-bottom\">\n<li>Gestell in Wunschfarbe<\/li>\n<li>Zip-Rei\u00dfverschlusssystem<\/li>\n<li>Erweiterung um Senkrechtmarkise F513<\/li>\n<li>Funkmotor-Bedienung per Handsender oder Smartphone<\/li>\n<li>\u00a0LED-Beleuchtung<\/li>\n<li>Regenabdeckprofil (f\u00fcr Ausf\u00fchrung ohne Zip)<\/li>\n<\/ul>\n","protected":false},"excerpt":{"rendered":"<h3>Grenzenloser Einsatz <span>f\u00fcr unglaublich flexible Beschattungen<\/span><\/h3>\n<p><strong>Das flexible Beschattungssystem Q.bus<\/strong> bietet exzellenten Sonnenschutz zu jeder Jahreszeit und an fast jedem Ort. Ob als schattenspendender Solit\u00e4r im Garten oder auf der Terrasse \u2013 das markante Gestell schafft in Kombination mit den ausgesuchten Tuchdessins einen stilvollen Rahmen f\u00fcr die Freiluftsaison. Einzigartig ist das absenkbare Dach, das vor m\u00e4\u00dfigem Regen sch\u00fctzt.<\/p>\n","protected":false},"featured_media":6601,"comment_status":"closed","ping_status":"closed","template":"","meta":{"_acf_changed":false},"product_brand":[],"product_cat":[297,337],"product_tag":[],"class_list":{"0":"post-6599","1":"product","2":"type-product","3":"status-publish","4":"has-post-thumbnail","6":"product_cat-markisen","7":"product_cat-q-bus","9":"first","10":"instock","11":"shipping-taxable","12":"purchasable","13":"product-type-simple"},"acf":[],"_links":{"self":[{"href":"\/shop\/wp-json\/wp\/v2\/product\/6599","targetHints":{"allow":["GET"]}}],"collection":[{"href":"\/shop\/wp-json\/wp\/v2\/product"}],"about":[{"href":"\/shop\/wp-json\/wp\/v2\/types\/product"}],"replies":[{"embeddable":true,"href":"\/shop\/wp-json\/wp\/v2\/comments?post=6599"}],"wp:featuredmedia":[{"embeddable":true,"href":"\/shop\/wp-json\/wp\/v2\/media\/6601"}],"wp:attachment":[{"href":"\/shop\/wp-json\/wp\/v2\/media?parent=6599"}],"wp:term":[{"taxonomy":"product_brand","embeddable":true,"href":"\/shop\/wp-json\/wp\/v2\/product_brand?post=6599"},{"taxonomy":"product_cat","embeddable":true,"href":"\/shop\/wp-json\/wp\/v2\/product_cat?post=6599"},{"taxonomy":"product_tag","embeddable":true,"href":"\/shop\/wp-json\/wp\/v2\/product_tag?post=6599"}],"curies":[{"name":"wp","href":"https:\/\/api.w.org\/{rel}","templated":true}]}}